{"id":17,"date":"2021-01-09T10:58:46","date_gmt":"2021-01-09T09:58:46","guid":{"rendered":"http:\/\/vigilan.de\/?page_id=17"},"modified":"2023-08-24T17:13:21","modified_gmt":"2023-08-24T15:13:21","slug":"ueber-uns","status":"publish","type":"page","link":"https:\/\/www.vigilan.de\/index.php\/home\/ueber-uns\/","title":{"rendered":"\u00dcber uns"},"content":{"rendered":"\n<p class=\"has-medium-font-size\"><strong>IT- Architektur  &#8211; ganzheitlich betrachtet &#8211;  \u00a0<\/strong><\/p>\n\n\n\n<p><strong>Start:<\/strong><br>Seit 1996 besch\u00e4ftige ich mich als Betriebsinformatiker und IT &#8211; Architekt intensiv mit allen Aspekten des IT Betriebes &amp; der Betreuung. Im Jahr 2000 habe ich meine Firma  allein gegr\u00fcndet und betreibe das Gesch\u00e4ft bei Bedarf zusammen mit freiberuflichen IT -Experten. <\/p>\n\n\n\n<p class=\"has-normal-font-size\"><strong>Aufgaben:<\/strong><br>Entsprechend der Kundenw\u00fcnsche  und der technischen Anforderungen konsolidiere ich die vorhandene IT &#8211; Struktur und realisiere f\u00fcr Kunden eine auf die Zukunft gerichtete Weiterentwicklung der IT-Umgebung &#8211; entsprechend ihrer individuellen W\u00fcnsche und Bed\u00fcrfnisse. Durch die ganzheitliche System-Betrachtung aller Anforderungen k\u00f6nnen meine Kunden zu jeder Zeit, von jedem Ort auf Ihre Anwendungen sicher zugreifen, weil alle Zugriffe hierbei mittels starker SSL-Verschl\u00fcsselung erfolgen.<\/p>\n\n\n\n<p><strong>Monitoring:<\/strong><br>Im laufenden Betrieb werden Kunden-Systeme durch ein bew\u00e4hrtes Monitoring fortw\u00e4hrend \u00fcberwacht. Ganz gleich, ob es um Datensicherung, Festplattensysteme, Stromversorgung oder Datenbankdienste geht,  St\u00f6rungen werden schon beseitigt, bevor der Kunde \u00fcberhaupt davon etwas merkt.<\/p>\n\n\n\n<p><strong>Private Cloud: <\/strong><br>Ihre Serversysteme werden zuverl\u00e4ssig in zertifizierten Rechenzentren in Bayern und S\u00fcdtirol gehostet. Zugangssicherheit, CO2 L\u00f6schsysteme, Notstromversorgung, redundante Internetanbindung der Rechenzentren geh\u00f6ren selbstverst\u00e4ndlich dazu. F\u00fcr Kunden ist es auch m\u00f6glich, den Betrieb ihrer Serversysteme auf eigener Hardware, in einem Cluster oder auch als Replica System zu realisieren. Mein ganz besonderes Augenmerk gilt dabei immer der Sicherheit bei der aktiven Nutzung des Internets. Die Bestrebungen gehen dahin, nur bekannte und notwendige Zugriffe zuzulassen. Dadurch bleiben die Anforderungen der Datensch\u00fctzer  gewahrt und die unerw\u00fcnschte \u00dcbermittlung von Daten, wie z. B. vor allem von Telemetrie-Daten aus Ihrem System heraus, wird weitgehend unterbunden. <\/p>\n\n\n\n<p><strong>Reichweite:<\/strong><br>Von unserem Hauptsitz in Gaimersheim, betreuen wir haupts\u00e4chlich Kunden aus dem deutschsprachigen Raum.  <br><\/p>\n","protected":false},"excerpt":{"rendered":"<p>IT- Architektur &#8211; ganzheitlich betrachtet &#8211; \u00a0 Start:Seit 1996 besch\u00e4ftige ich mich als Betriebsinformatiker und IT &#8211; Architekt intensiv mit allen Aspekten des IT Betriebes &amp; der Betreuung. Im Jahr 2000 habe ich meine Firma allein gegr\u00fcndet und betreibe das Gesch\u00e4ft bei Bedarf zusammen mit freiberuflichen IT -Experten. Aufgaben:Entsprechend der Kundenw\u00fcnsche und der technischen Anforderungen konsolidiere ich die vorhandene IT &#8211; Struktur und realisiere f\u00fcr Kunden eine auf die Zukunft&hellip;<\/p>\n","protected":false},"author":1,"featured_media":0,"parent":16,"menu_order":0,"comment_status":"closed","ping_status":"closed","template":"","meta":{"_seopress_robots_primary_cat":"","_seopress_titles_title":"","_seopress_titles_desc":"","_seopress_robots_index":"","footnotes":""},"class_list":["post-17","page","type-page","status-publish","hentry"],"_links":{"self":[{"href":"https:\/\/www.vigilan.de\/index.php\/wp-json\/wp\/v2\/pages\/17","targetHints":{"allow":["GET"]}}],"collection":[{"href":"https:\/\/www.vigilan.de\/index.php\/wp-json\/wp\/v2\/pages"}],"about":[{"href":"https:\/\/www.vigilan.de\/index.php\/wp-json\/wp\/v2\/types\/page"}],"author":[{"embeddable":true,"href":"https:\/\/www.vigilan.de\/index.php\/wp-json\/wp\/v2\/users\/1"}],"replies":[{"embeddable":true,"href":"https:\/\/www.vigilan.de\/index.php\/wp-json\/wp\/v2\/comments?post=17"}],"version-history":[{"count":16,"href":"https:\/\/www.vigilan.de\/index.php\/wp-json\/wp\/v2\/pages\/17\/revisions"}],"predecessor-version":[{"id":662,"href":"https:\/\/www.vigilan.de\/index.php\/wp-json\/wp\/v2\/pages\/17\/revisions\/662"}],"up":[{"embeddable":true,"href":"https:\/\/www.vigilan.de\/index.php\/wp-json\/wp\/v2\/pages\/16"}],"wp:attachment":[{"href":"https:\/\/www.vigilan.de\/index.php\/wp-json\/wp\/v2\/media?parent=17"}],"curies":[{"name":"wp","href":"https:\/\/api.w.org\/{rel}","templated":true}]}}