{"id":342,"date":"2021-01-09T15:38:26","date_gmt":"2021-01-09T14:38:26","guid":{"rendered":"http:\/\/www.vigilan.de\/?page_id=342"},"modified":"2023-08-24T17:49:50","modified_gmt":"2023-08-24T15:49:50","slug":"rechenzentren","status":"publish","type":"page","link":"https:\/\/www.vigilan.de\/index.php\/home\/rechenzentren\/","title":{"rendered":"Rechenzentren"},"content":{"rendered":"\n<p>In der heutigen Zeit ist die dauerhafte Verf\u00fcgbarkeit der zentralen Funktionen wie Dateiablage, E-Mail, Datenbanken usw. zusehends auch f\u00fcr mittlere und kleine Betriebe von wachsender Bedeutung. Hierzu bin ich in der Lage f\u00fcr jeden Kunden passende Betriebskonzepte auszuarbeiten, umzusetzen und zu betreiben. Mit meinen Partnern kann ich auf zertifizierte Rechenzentren in Bayern und Italien kurzfristig zugreifen. Vom reinen singul\u00e4ren Rechenzentrums-Betrieb \u00fcber eine Replica zwischen zwei Rechenzentren bis hin zur Clusterl\u00f6sung ist alles m\u00f6glich.<\/p>\n\n\n\n<p>Sprechen Sie mich an und lassen Sie sich Ihr individuelles Angebot erstellen!<\/p>\n","protected":false},"excerpt":{"rendered":"<p>In der heutigen Zeit ist die dauerhafte Verf\u00fcgbarkeit der zentralen Funktionen wie Dateiablage, E-Mail, Datenbanken usw. zusehends auch f\u00fcr mittlere und kleine Betriebe von wachsender Bedeutung. Hierzu bin ich in der Lage f\u00fcr jeden Kunden passende Betriebskonzepte auszuarbeiten, umzusetzen und zu betreiben. Mit meinen Partnern kann ich auf zertifizierte Rechenzentren in Bayern und Italien kurzfristig zugreifen. Vom reinen singul\u00e4ren Rechenzentrums-Betrieb \u00fcber eine Replica zwischen zwei Rechenzentren bis hin zur Clusterl\u00f6sung&hellip;<\/p>\n","protected":false},"author":1,"featured_media":0,"parent":16,"menu_order":0,"comment_status":"closed","ping_status":"closed","template":"","meta":{"_seopress_robots_primary_cat":"","_seopress_titles_title":"","_seopress_titles_desc":"","_seopress_robots_index":"","footnotes":""},"class_list":["post-342","page","type-page","status-publish","hentry"],"_links":{"self":[{"href":"https:\/\/www.vigilan.de\/index.php\/wp-json\/wp\/v2\/pages\/342","targetHints":{"allow":["GET"]}}],"collection":[{"href":"https:\/\/www.vigilan.de\/index.php\/wp-json\/wp\/v2\/pages"}],"about":[{"href":"https:\/\/www.vigilan.de\/index.php\/wp-json\/wp\/v2\/types\/page"}],"author":[{"embeddable":true,"href":"https:\/\/www.vigilan.de\/index.php\/wp-json\/wp\/v2\/users\/1"}],"replies":[{"embeddable":true,"href":"https:\/\/www.vigilan.de\/index.php\/wp-json\/wp\/v2\/comments?post=342"}],"version-history":[{"count":5,"href":"https:\/\/www.vigilan.de\/index.php\/wp-json\/wp\/v2\/pages\/342\/revisions"}],"predecessor-version":[{"id":672,"href":"https:\/\/www.vigilan.de\/index.php\/wp-json\/wp\/v2\/pages\/342\/revisions\/672"}],"up":[{"embeddable":true,"href":"https:\/\/www.vigilan.de\/index.php\/wp-json\/wp\/v2\/pages\/16"}],"wp:attachment":[{"href":"https:\/\/www.vigilan.de\/index.php\/wp-json\/wp\/v2\/media?parent=342"}],"curies":[{"name":"wp","href":"https:\/\/api.w.org\/{rel}","templated":true}]}}