{"id":426,"date":"2021-01-09T18:46:33","date_gmt":"2021-01-09T17:46:33","guid":{"rendered":"http:\/\/www.vigilan.de\/?page_id=426"},"modified":"2023-08-24T18:21:43","modified_gmt":"2023-08-24T16:21:43","slug":"kfzpilot","status":"publish","type":"page","link":"https:\/\/www.vigilan.de\/index.php\/leistungen\/software\/kfzpilot\/","title":{"rendered":"Kfz PILOT f\u00fcr Windows"},"content":{"rendered":"\n<p class=\"has-text-align-center\"><img loading=\"lazy\" decoding=\"async\" width=\"150\" height=\"42\" class=\"wp-image-609\" style=\"width: 150px;\" src=\"http:\/\/www.vigilan.de\/wp-content\/uploads\/2021\/01\/attibutlogo.png\" alt=\"\"><\/p>\n\n\n\n<p>F\u00fcr Autoh\u00e4user steht heute und in Zukunft die <strong>Transparenz<\/strong> in allen Bereichen des Kundenmanagements im Fokus. Das Dealer-Management-System (DMS) KfzPilot\u00ae von attRiBut ist die <strong>zentrale Datendrehscheibe f\u00fcr alle relevanten Informationen zu Kunden und Fahrzeugen.<\/strong> Mit KfzPilot\u00ae k\u00f6nnen Kfz-Werkst\u00e4tten und Autoh\u00e4user ihr Kerngesch\u00e4ft produktiv managen und abteilungs\u00fcbergreifend Synergien nutzen! (Quelle: <a rel=\"noreferrer noopener\" href=\"https:\/\/attribut.de\" data-type=\"URL\" data-id=\"https:\/\/attribut.de\" target=\"_blank\">https:\/\/attribut.de<\/a>)<\/p>\n\n\n\n<p>Seit 1996 sind Kfz-Werkst\u00e4tten in Bayern meine Kunden bei der Einrichtung und Pflege ihrer Kfz-PILOT f\u00fcr Windows Installationen &#8211; eine der besten L\u00f6sungen auf dem Markt f\u00fcr Kfz-Werkst\u00e4tten.<\/p>\n","protected":false},"excerpt":{"rendered":"<p>F\u00fcr Autoh\u00e4user steht heute und in Zukunft die Transparenz in allen Bereichen des Kundenmanagements im Fokus. Das Dealer-Management-System (DMS) KfzPilot\u00ae von attRiBut ist die zentrale Datendrehscheibe f\u00fcr alle relevanten Informationen zu Kunden und Fahrzeugen. Mit KfzPilot\u00ae k\u00f6nnen Kfz-Werkst\u00e4tten und Autoh\u00e4user ihr Kerngesch\u00e4ft produktiv managen und abteilungs\u00fcbergreifend Synergien nutzen! (Quelle: https:\/\/attribut.de) Seit 1996 sind Kfz-Werkst\u00e4tten in Bayern meine Kunden bei der Einrichtung und Pflege ihrer Kfz-PILOT f\u00fcr Windows Installationen &#8211; eine&hellip;<\/p>\n","protected":false},"author":1,"featured_media":0,"parent":563,"menu_order":1,"comment_status":"closed","ping_status":"closed","template":"","meta":{"_seopress_robots_primary_cat":"","_seopress_titles_title":"","_seopress_titles_desc":"","_seopress_robots_index":"","footnotes":""},"class_list":["post-426","page","type-page","status-publish","hentry"],"_links":{"self":[{"href":"https:\/\/www.vigilan.de\/index.php\/wp-json\/wp\/v2\/pages\/426","targetHints":{"allow":["GET"]}}],"collection":[{"href":"https:\/\/www.vigilan.de\/index.php\/wp-json\/wp\/v2\/pages"}],"about":[{"href":"https:\/\/www.vigilan.de\/index.php\/wp-json\/wp\/v2\/types\/page"}],"author":[{"embeddable":true,"href":"https:\/\/www.vigilan.de\/index.php\/wp-json\/wp\/v2\/users\/1"}],"replies":[{"embeddable":true,"href":"https:\/\/www.vigilan.de\/index.php\/wp-json\/wp\/v2\/comments?post=426"}],"version-history":[{"count":5,"href":"https:\/\/www.vigilan.de\/index.php\/wp-json\/wp\/v2\/pages\/426\/revisions"}],"predecessor-version":[{"id":682,"href":"https:\/\/www.vigilan.de\/index.php\/wp-json\/wp\/v2\/pages\/426\/revisions\/682"}],"up":[{"embeddable":true,"href":"https:\/\/www.vigilan.de\/index.php\/wp-json\/wp\/v2\/pages\/563"}],"wp:attachment":[{"href":"https:\/\/www.vigilan.de\/index.php\/wp-json\/wp\/v2\/media?parent=426"}],"curies":[{"name":"wp","href":"https:\/\/api.w.org\/{rel}","templated":true}]}}