{"id":548,"date":"2021-01-11T19:25:31","date_gmt":"2021-01-11T18:25:31","guid":{"rendered":"http:\/\/www.vigilan.de\/?page_id=548"},"modified":"2023-08-24T17:40:40","modified_gmt":"2023-08-24T15:40:40","slug":"it-betreuung","status":"publish","type":"page","link":"https:\/\/www.vigilan.de\/index.php\/leistungen\/it-betreuung\/","title":{"rendered":"IT Betreuung"},"content":{"rendered":"\n<p>Als IT- Architekt stehe ich meinem Kundenkreis als mitdenkender Partner mit meinen Strukturanalysen und Entwicklungsvorschl\u00e4gen stets zur Seite. Der reibungslose Betrieb und die laufende Betreuung der IT sowie eine auf die Zukunft gerichtete Weiterentwicklung der IT- Infrastruktur des Kunden stehen dabei immer im Vordergrund. Der Verkauf von Hard- und Software ist selbstverst\u00e4ndlich ein Teil meines Gesch\u00e4ftes, Kundenw\u00fcnsche werden dabei vorrangig ber\u00fccksichtigt. Mein ganz besonderes pers\u00f6nliches Ziel ist eine konstruktive, langfristige Partnerschaft mit meinen Kunden, die auf Vertrauen und Erfolg basiert.<\/p>\n\n\n\n<p>Da ich von Anfang an in internationalen Firmen mit allen Themen der Unternehmens-IT und ihren heterogenen Netzwerken befasst war, besitze ich fundierte Kenntnisse und Berufserfahrung im Bereich von Supportleistungen f\u00fcr einzelne Anwender bis hin zur Errichtung und Pflege international verteilter Netzwerke und deren Anwendungen. Diese Erfahrungen setze ich gewinnbringend f\u00fcr den Ausbau der IT-Struktur meiner mittelst\u00e4ndischen Kunden ein. <\/p>\n\n\n\n<p>Durch meine langj\u00e4hrige Erfahrung als Ausbilder f\u00fcr IT- Fachinformatiker an der bayerischen Handwerkskammer f\u00fcr M\u00fcnchen und Oberbayern und an den Schulen Heimerer, Sabel und GBS bin ich in der Lage schwierigste IT &#8211; Themen mit einfachen Worten transparent darzustellen und so auch jedem Laien verst\u00e4ndlich zu machen. <\/p>\n","protected":false},"excerpt":{"rendered":"<p>Als IT- Architekt stehe ich meinem Kundenkreis als mitdenkender Partner mit meinen Strukturanalysen und Entwicklungsvorschl\u00e4gen stets zur Seite. Der reibungslose Betrieb und die laufende Betreuung der IT sowie eine auf die Zukunft gerichtete Weiterentwicklung der IT- Infrastruktur des Kunden stehen dabei immer im Vordergrund. Der Verkauf von Hard- und Software ist selbstverst\u00e4ndlich ein Teil meines Gesch\u00e4ftes, Kundenw\u00fcnsche werden dabei vorrangig ber\u00fccksichtigt. Mein ganz besonderes pers\u00f6nliches Ziel ist eine konstruktive, langfristige&hellip;<\/p>\n","protected":false},"author":1,"featured_media":0,"parent":547,"menu_order":1,"comment_status":"closed","ping_status":"closed","template":"","meta":{"_seopress_robots_primary_cat":"","_seopress_titles_title":"","_seopress_titles_desc":"","_seopress_robots_index":"","footnotes":""},"class_list":["post-548","page","type-page","status-publish","hentry"],"_links":{"self":[{"href":"https:\/\/www.vigilan.de\/index.php\/wp-json\/wp\/v2\/pages\/548","targetHints":{"allow":["GET"]}}],"collection":[{"href":"https:\/\/www.vigilan.de\/index.php\/wp-json\/wp\/v2\/pages"}],"about":[{"href":"https:\/\/www.vigilan.de\/index.php\/wp-json\/wp\/v2\/types\/page"}],"author":[{"embeddable":true,"href":"https:\/\/www.vigilan.de\/index.php\/wp-json\/wp\/v2\/users\/1"}],"replies":[{"embeddable":true,"href":"https:\/\/www.vigilan.de\/index.php\/wp-json\/wp\/v2\/comments?post=548"}],"version-history":[{"count":5,"href":"https:\/\/www.vigilan.de\/index.php\/wp-json\/wp\/v2\/pages\/548\/revisions"}],"predecessor-version":[{"id":668,"href":"https:\/\/www.vigilan.de\/index.php\/wp-json\/wp\/v2\/pages\/548\/revisions\/668"}],"up":[{"embeddable":true,"href":"https:\/\/www.vigilan.de\/index.php\/wp-json\/wp\/v2\/pages\/547"}],"wp:attachment":[{"href":"https:\/\/www.vigilan.de\/index.php\/wp-json\/wp\/v2\/media?parent=548"}],"curies":[{"name":"wp","href":"https:\/\/api.w.org\/{rel}","templated":true}]}}