{"id":552,"date":"2021-01-11T19:25:31","date_gmt":"2021-01-11T18:25:31","guid":{"rendered":"http:\/\/www.vigilan.de\/?page_id=552"},"modified":"2023-08-24T18:07:45","modified_gmt":"2023-08-24T16:07:45","slug":"hardware","status":"publish","type":"page","link":"https:\/\/www.vigilan.de\/index.php\/leistungen\/hardware\/","title":{"rendered":"Hardware"},"content":{"rendered":"\n<p>F\u00fcr station\u00e4re Arbeitspl\u00e4tze und Notebooks gelangen typischerweise Ger\u00e4te von LENOVO zum Einsatz. F\u00fcr Tablet bevorzuge ich die Surface Serie von Microsoft. Im Serverbereich gelangen Komponenten von Supermicro zum Einsatz, hier genie\u00dfen Sie den Vorteil von individuell abgestimmten Servern, passend f\u00fcr alle Kundenbed\u00fcrfnisse. Alles in allem kommen selbstverst\u00e4ndlich nur hochwertige Komponenten zum Einsatz!<\/p>\n\n\n\n<p>F\u00fcr die Firewall-Systeme, die ich f\u00fcr Kunden konfiguriere, greife ich auf Hardware von Supermicro zur\u00fcck und verbinde diese mit einer durchdachten Konfiguration von IPFire.<\/p>\n\n\n\n<p class=\"has-medium-font-size\">IPFire-Ger\u00e4te<\/p>\n\n\n\n<p class=\"has-text-align-left\">Meine Firma bietet Hardware-Appliances an, die nach unseren eigenen hohen Standards gebaut wurden. Jede Appliance ist perfekt f\u00fcr IP-Fire ausgelegt und umfasst sowohl Hardware als auch Software. Ausgew\u00e4hlte Komponenten garantieren lange Lebensdauer, Stabilit\u00e4t und maximale Leistung. Zu den Appliance-Produkten geh\u00f6ren nat\u00fcrlich auch der entsprechende Support und alle notwendigen Dienstleistungen rund um die Appliances und f\u00fcr die Firewall.  <\/p>\n\n\n\n<p class=\"has-text-align-center\"><img loading=\"lazy\" decoding=\"async\" width=\"150\" height=\"150\" class=\"wp-image-466\" style=\"width: 150px;\" src=\"http:\/\/www.vigilan.de\/wp-content\/uploads\/2021\/01\/ipfire-logo-512x512-1.png\" alt=\"\"><\/p>\n","protected":false},"excerpt":{"rendered":"<p>F\u00fcr station\u00e4re Arbeitspl\u00e4tze und Notebooks gelangen typischerweise Ger\u00e4te von LENOVO zum Einsatz. F\u00fcr Tablet bevorzuge ich die Surface Serie von Microsoft. Im Serverbereich gelangen Komponenten von Supermicro zum Einsatz, hier genie\u00dfen Sie den Vorteil von individuell abgestimmten Servern, passend f\u00fcr alle Kundenbed\u00fcrfnisse. Alles in allem kommen selbstverst\u00e4ndlich nur hochwertige Komponenten zum Einsatz! F\u00fcr die Firewall-Systeme, die ich f\u00fcr Kunden konfiguriere, greife ich auf Hardware von Supermicro zur\u00fcck und verbinde diese&hellip;<\/p>\n","protected":false},"author":1,"featured_media":0,"parent":547,"menu_order":3,"comment_status":"closed","ping_status":"closed","template":"","meta":{"_seopress_robots_primary_cat":"","_seopress_titles_title":"","_seopress_titles_desc":"","_seopress_robots_index":"","footnotes":""},"class_list":["post-552","page","type-page","status-publish","hentry"],"_links":{"self":[{"href":"https:\/\/www.vigilan.de\/index.php\/wp-json\/wp\/v2\/pages\/552","targetHints":{"allow":["GET"]}}],"collection":[{"href":"https:\/\/www.vigilan.de\/index.php\/wp-json\/wp\/v2\/pages"}],"about":[{"href":"https:\/\/www.vigilan.de\/index.php\/wp-json\/wp\/v2\/types\/page"}],"author":[{"embeddable":true,"href":"https:\/\/www.vigilan.de\/index.php\/wp-json\/wp\/v2\/users\/1"}],"replies":[{"embeddable":true,"href":"https:\/\/www.vigilan.de\/index.php\/wp-json\/wp\/v2\/comments?post=552"}],"version-history":[{"count":8,"href":"https:\/\/www.vigilan.de\/index.php\/wp-json\/wp\/v2\/pages\/552\/revisions"}],"predecessor-version":[{"id":678,"href":"https:\/\/www.vigilan.de\/index.php\/wp-json\/wp\/v2\/pages\/552\/revisions\/678"}],"up":[{"embeddable":true,"href":"https:\/\/www.vigilan.de\/index.php\/wp-json\/wp\/v2\/pages\/547"}],"wp:attachment":[{"href":"https:\/\/www.vigilan.de\/index.php\/wp-json\/wp\/v2\/media?parent=552"}],"curies":[{"name":"wp","href":"https:\/\/api.w.org\/{rel}","templated":true}]}}