{"id":563,"date":"2021-01-11T19:27:38","date_gmt":"2021-01-11T18:27:38","guid":{"rendered":"http:\/\/www.vigilan.de\/?page_id=563"},"modified":"2023-08-24T18:16:11","modified_gmt":"2023-08-24T16:16:11","slug":"software","status":"publish","type":"page","link":"https:\/\/www.vigilan.de\/index.php\/leistungen\/software\/","title":{"rendered":"Software"},"content":{"rendered":"\n<p>Die beste Hardware n\u00fctzt herzlich wenig solange die Software nicht die M\u00f6glichkeiten der Hardware nutzt. Bei Software lege ich Wert auf saubere Konfiguration und die erforderliche Updatepflege. Bei der Anschaffung von neuen Produkte, sei es Hardware, sei es Software, berate ich meine Kunden ausf\u00fchrlich und beteilige mich aktiv an der Entscheidungsfindung. <\/p>\n\n\n\n<p>Auch bei der Pflege und Installation verschiedener Branchenl\u00f6sungen wie <a href=\"https:\/\/www.vigilan.de\/index.php\/leistungen\/software\/kfzpilot\/\" data-type=\"URL\" data-id=\"https:\/\/www.vigilan.de\/index.php\/leistungen\/software\/kfzpilot\/\">Kfz PILOT f\u00fcr Windows<\/a>, ACT! und Amicron unterst\u00fctze ich selbstverst\u00e4ndlich meine Kunden.<\/p>\n\n\n\n<p>Die Integration weiterer Dienste wie TAPI, d.h. aus der Anwendung heraus direkt telefonieren, stellt f\u00fcr mich keine Herausforderung dar und sollte an Vertriebsarbeitspl\u00e4tzen grunds\u00e4tzlich niemals fehlen.<\/p>\n\n\n\n<p>F\u00fcr den heutzutage obligatorischen Schutz vor Schadsoftware (Viren, Trojanern  etc. ) wie auch allzu l\u00e4stigen Spam E-Mails setze ich auf die G DATA Business L\u00f6sungen. Ein besonders sch\u00f6ner Nebeneffekt ist hierbei die leichte Umsetzung der Software-Inventarisierung. So wird die Lizenzkontrolle und Softwarepflege kinderleicht.<\/p>\n","protected":false},"excerpt":{"rendered":"<p>Die beste Hardware n\u00fctzt herzlich wenig solange die Software nicht die M\u00f6glichkeiten der Hardware nutzt. Bei Software lege ich Wert auf saubere Konfiguration und die erforderliche Updatepflege. Bei der Anschaffung von neuen Produkte, sei es Hardware, sei es Software, berate ich meine Kunden ausf\u00fchrlich und beteilige mich aktiv an der Entscheidungsfindung. Auch bei der Pflege und Installation verschiedener Branchenl\u00f6sungen wie Kfz PILOT f\u00fcr Windows, ACT! und Amicron unterst\u00fctze ich selbstverst\u00e4ndlich&hellip;<\/p>\n","protected":false},"author":1,"featured_media":0,"parent":547,"menu_order":3,"comment_status":"closed","ping_status":"closed","template":"","meta":{"_seopress_robots_primary_cat":"","_seopress_titles_title":"","_seopress_titles_desc":"","_seopress_robots_index":"","footnotes":""},"class_list":["post-563","page","type-page","status-publish","hentry"],"_links":{"self":[{"href":"https:\/\/www.vigilan.de\/index.php\/wp-json\/wp\/v2\/pages\/563","targetHints":{"allow":["GET"]}}],"collection":[{"href":"https:\/\/www.vigilan.de\/index.php\/wp-json\/wp\/v2\/pages"}],"about":[{"href":"https:\/\/www.vigilan.de\/index.php\/wp-json\/wp\/v2\/types\/page"}],"author":[{"embeddable":true,"href":"https:\/\/www.vigilan.de\/index.php\/wp-json\/wp\/v2\/users\/1"}],"replies":[{"embeddable":true,"href":"https:\/\/www.vigilan.de\/index.php\/wp-json\/wp\/v2\/comments?post=563"}],"version-history":[{"count":5,"href":"https:\/\/www.vigilan.de\/index.php\/wp-json\/wp\/v2\/pages\/563\/revisions"}],"predecessor-version":[{"id":680,"href":"https:\/\/www.vigilan.de\/index.php\/wp-json\/wp\/v2\/pages\/563\/revisions\/680"}],"up":[{"embeddable":true,"href":"https:\/\/www.vigilan.de\/index.php\/wp-json\/wp\/v2\/pages\/547"}],"wp:attachment":[{"href":"https:\/\/www.vigilan.de\/index.php\/wp-json\/wp\/v2\/media?parent=563"}],"curies":[{"name":"wp","href":"https:\/\/api.w.org\/{rel}","templated":true}]}}